{"id":2898,"date":"2023-07-11T09:52:50","date_gmt":"2023-07-11T07:52:50","guid":{"rendered":"https:\/\/kildacreams.com\/cookie-richtlinie\/"},"modified":"2024-01-10T16:27:26","modified_gmt":"2024-01-10T15:27:26","slug":"cookie-richtlinie","status":"publish","type":"page","link":"https:\/\/kildacreams.com\/de\/cookie-richtlinie\/","title":{"rendered":"Cookie-Richtlinie"},"content":{"rendered":"\t\t<div data-elementor-type=\"wp-page\" data-elementor-id=\"2898\" class=\"elementor elementor-2898 elementor-1344\" data-elementor-post-type=\"page\">\n\t\t\t\t\t\t<section class=\"elementor-section elementor-top-section elementor-element elementor-element-060e32a elementor-section-height-min-height elementor-section-boxed elementor-section-height-default elementor-section-items-middle\" data-id=\"060e32a\" data-element_type=\"section\" data-e-type=\"section\" data-settings=\"{&quot;background_background&quot;:&quot;classic&quot;}\">\n\t\t\t\t\t\t\t<div class=\"elementor-background-overlay\"><\/div>\n\t\t\t\t\t\t\t<div class=\"elementor-container elementor-column-gap-default\">\n\t\t\t\t\t<div class=\"elementor-column elementor-col-100 elementor-top-column elementor-element elementor-element-9573c7c\" data-id=\"9573c7c\" data-element_type=\"column\" data-e-type=\"column\" data-settings=\"{&quot;background_background&quot;:&quot;classic&quot;}\">\n\t\t\t<div class=\"elementor-widget-wrap elementor-element-populated\">\n\t\t\t\t\t\t<section class=\"elementor-section elementor-inner-section elementor-element elementor-element-af3680f elementor-section-boxed elementor-section-height-default elementor-section-height-default\" data-id=\"af3680f\" data-element_type=\"section\" data-e-type=\"section\" data-settings=\"{&quot;background_background&quot;:&quot;classic&quot;}\">\n\t\t\t\t\t\t<div class=\"elementor-container elementor-column-gap-default\">\n\t\t\t\t\t<div class=\"elementor-column elementor-col-100 elementor-inner-column elementor-element elementor-element-f8119cc\" data-id=\"f8119cc\" data-element_type=\"column\" data-e-type=\"column\">\n\t\t\t<div class=\"elementor-widget-wrap elementor-element-populated\">\n\t\t\t\t\t\t<div class=\"elementor-element elementor-element-2b833e7 elementor-widget elementor-widget-heading\" data-id=\"2b833e7\" data-element_type=\"widget\" data-e-type=\"widget\" data-widget_type=\"heading.default\">\n\t\t\t\t<div class=\"elementor-widget-container\">\n\t\t\t\t\t<h2 class=\"elementor-heading-title elementor-size-default\">COOKIE-RICHTLINIE<\/h2>\t\t\t\t<\/div>\n\t\t\t\t<\/div>\n\t\t\t\t<div class=\"elementor-element elementor-element-8b8a7be elementor-widget elementor-widget-text-editor\" data-id=\"8b8a7be\" data-element_type=\"widget\" data-e-type=\"widget\" data-widget_type=\"text-editor.default\">\n\t\t\t\t<div class=\"elementor-widget-container\">\n\t\t\t\t\t\t\t\t\t<p>Cookie-Richtlinie<\/p>\n<p>Teichenn\u00e9 informiert \u00fcber die Verwendung von Cookies auf seiner Website: www.kildacreams.com<\/p>\n<p>Was sind Cookies?<\/p>\n<p>Cookies sind Dateien, die von Websites auf Ihren Computer geladen werden k\u00f6nnen. Sie sind Hilfsmittel, die eine wesentliche Rolle bei der Bereitstellung zahlreicher Dienste der Informationsgesellschaft spielen. Unter anderem kann eine Website damit Informationen \u00fcber die Surfgewohnheiten eines Nutzers oder seiner Ger\u00e4te speichern und abrufen, und je nach den erhaltenen Informationen k\u00f6nnen sie zur Wiedererkennung des Nutzers und zur Verbesserung des angebotenen Dienstes verwendet werden.<\/p>\n<p>Arten von Cookies<\/p>\n<p>Je nach Einrichtung zur Verwaltung der Dom\u00e4ne, von der die Cookies gesendet werden, und die die erhaltenen Daten behandelt, k\u00f6nnen zwei Arten unterschieden werden:<\/p>\n<p>\u2022 Eigene Cookies: Solche, die von einem Computer oder einer Dom\u00e4ne, die vom Herausgeber selbst verwaltet wird und von der aus der vom Benutzer angeforderte Dienst erbracht wird, an das Endger\u00e4t des Benutzers gesendet werden.<br \/>\u2022 Drittanbieter-Cookies: Solche, die an das Benutzerendger\u00e4t von einem Computer oder einer Dom\u00e4ne gesendet werden, die nicht vom Herausgeber, sondern von einer anderen Einheit verwaltet wird, die die durch die Cookies erhaltenen Daten verarbeitet.<\/p>\n<p>Cookies, die von einem vom Herausgeber selbst verwalteten Computer oder einer Dom\u00e4ne installiert werden, deren Daten jedoch von einem Dritten verwaltet werden, k\u00f6nnen nicht als eigene Cookies betrachtet werden.<\/p>\n<p>Es gibt auch eine zweite Klassifizierung nach der Speicherdauer im Browser des Kunden, die wie folgt aussieht:<\/p>\n<p>\u2022 Sitzungscookies: Sie dienen zum Sammeln und Speichern von Daten, w\u00e4hrend der Nutzer auf eine Website zugreift. Sie werden in der Regel zur Speicherung von Informationen verwendet, die nur f\u00fcr die Erbringung des vom Nutzer angeforderten Dienstes bei einer einzigen Gelegenheit aufbewahrt werden m\u00fcssen (z. B. eine Liste der gekauften Produkte).<br \/>\u2022 Dauerhafte Cookies: Die Daten bleiben im Endger\u00e4t gespeichert und k\u00f6nnen w\u00e4hrend eines vom Cookie-Manager festgelegten Zeitraums abgerufen und verarbeitet werden. Dieser Zeitraum kann von einigen Minuten bis zu mehreren Jahren reichen.<\/p>\n<p>Schlie\u00dflich gibt es noch eine weitere Klassifizierung mit f\u00fcnf Arten von Cookies, je nach dem Zweck, zu dem die erhaltenen Daten verarbeitet werden:<\/p>\n<p>\u2022 Technische Cookies: Diese erlauben es dem Nutzer, auf einer Website,<br \/>einer Plattform oder einer Anwendung zu surfen und die dort vorhandenen Optionen oder Dienste zu nutzen, wie z. B. die Steuerung des Datenverkehrs und der Datenkommunikation, die Identifizierung der Sitzung, den Zugang zu Bereichen mit eingeschr\u00e4nktem Zugang, die Erinnerung an die Elemente, aus denen eine Bestellung besteht, die Durchf\u00fchrung des Kaufvorgangs bei einer Bestellung,<\/p>\n<p>die Anmeldung zur Registrierung oder die Teilnahme an einer Veranstaltung, die Verwendung von Sicherheitselementen beim Surfen, die Speicherung von Inhalten f\u00fcr die \u00dcbertragung von Videos oder Ton oder die gemeinsame Nutzung von Inhalten \u00fcber soziale Netzwerke.<br \/>\u2022 Cookies zur Anpassung: Sie erm\u00f6glichen es dem Nutzer, den Dienst mit einigen vordefinierten allgemeinen Merkmalen aufzurufen, die von einer Reihe von Kriterien auf dem Endger\u00e4t des Nutzers abh\u00e4ngen, wie z. B. die Sprache, die Art des f\u00fcr den Zugriff auf den Dienst verwendeten Browsers, die regionale Konfiguration, von der aus der Dienst aufgerufen wird, usw.<br \/>\u2022 Analyse-Cookies: Diese erm\u00f6glichen es dem Verantwortlichen, das Nutzerverhalten auf den Websites, mit denen sie verkn\u00fcpft sind, zu beobachten und zu analysieren. Die durch diese Art von Cookies gesammelten Informationen werden zur Messung der Aktivit\u00e4ten auf den Websites, Anwendungen oder Plattformen und zur Erstellung von Browsing-Profilen der Nutzer dieser Websites, Anwendungen und Plattformen verwendet, um Verbesserungen auf der Grundlage der Analyse der Nutzungsdaten der Nutzer des Dienstes einzuf\u00fchren.<br \/>\u2022 Werbe-Cookies: Sie erm\u00f6glichen die m\u00f6glichst effiziente Verwaltung von Werbefl\u00e4chen.<br \/>\u2022 Cookies f\u00fcr verhaltensbasierte Werbung: Sie speichern Informationen \u00fcber das Verhalten der Nutzer, die durch die kontinuierliche Beobachtung ihrer Surfgewohnheiten gewonnen werden und mit denen ein spezifisches Profil erstellt werden kann, um darauf basierende Werbung anzuzeigen.<br \/>\u2022 Externe Cookies von sozialen Netzwerken: Diese werden verwendet, damit die Besucher mit den Inhalten verschiedener sozialer Plattformen (Facebook, YouTube, Twitter, LinkedIn usw.) interagieren k\u00f6nnen. Sie werden nur f\u00fcr die Nutzer dieser sozialen Netzwerke generiert. Die Bedingungen f\u00fcr die Nutzung dieser Cookies und die gesammelten Informationen werden durch die Datenschutzbestimmungen der entsprechenden sozialen Plattform geregelt.<\/p>\n<p>Deaktivierung und L\u00f6schung von Cookies<\/p>\n<p>Sie haben die M\u00f6glichkeit, auf Ihrem Computer installierte Cookies zuzulassen, zu blockieren oder zu l\u00f6schen, indem Sie die auf Ihrem Computer installierten Browseroptionen konfigurieren. Durch die Deaktivierung von Cookies sind einige der verf\u00fcgbaren Dienste m\u00f6glicherweise nicht mehr funktionsf\u00e4hig. Die Deaktivierung von Cookies ist von Browser zu Browser unterschiedlich, kann aber in der Regel \u00fcber das Men\u00fc \u201eTools\u201c oder \u201eOptionen\u201c vorgenommen werden. Im Hilfemen\u00fc des Browsers finden Sie ebenfalls eine Anleitung. Die Nutzer k\u00f6nnen jederzeit w\u00e4hlen, welche Cookies sie auf dieser Website zulassen m\u00f6chten.<\/p>\n<p>Sie k\u00f6nnen die auf Ihrem Computer installierten Cookies zulassen, blockieren oder l\u00f6schen, indem Sie die Optionen des auf Ihrem Computer installierten Browsers konfigurieren:<\/p>\n<p>\u2022 Microsoft Internet Explorer oder Microsoft Edge: http:\/\/windows.microsoft.com\/es-es\/windows-vista\/Block-or-allow-cookies<br \/>\u2022 Mozilla Firefox: http:\/\/support.mozilla.org\/es\/kb\/impedir-que-los-sitios-web-guarden-sus-preferencia<br \/>\u2022 Chrome: https:\/\/support.google.com\/accounts\/answer\/61416?hl=es<br \/>\u2022 Safari: http:\/\/safari.helpmax.net\/es\/privacidad-y-seguridad\/como-gestionar-las-cookies\/<br \/>\u2022 Opera: http:\/\/help.opera.com\/Linux\/10.60\/es-ES\/cookies.html<\/p>\n<p>Dar\u00fcber hinaus k\u00f6nnen Sie den Cookie-Speicher Ihres Browsers auch mit folgenden Tools verwalten:<\/p>\n<p>\u2022 Ghostery: www.ghostery.com\/<br \/>\u2022 Your online choices: www.youronlinechoices.com\/es\/<\/p>\n<p>Auf www.kildacreams.com verwendete Cookies<\/p>\n<p>Die auf dieser Website verwendeten Cookies sowie ihre Art und Funktion sind nachstehend aufgef\u00fchrt:<\/p>\n<p>Akzeptanz der Cookie-Richtlinie<\/p>\n<p>www.teichenne.com geht davon aus , dass Sie der Verwendung von Cookies zustimmen. Die Informationen \u00fcber unsere Cookie-Richtlinie werden jedoch bei jeder Anmeldung am unteren oder oberen Rand der Seite angezeigt, so dass Sie diese zur Kenntnis nehmen k\u00f6nnen.<\/p>\n<p>Angesichts dieser Informationen k\u00f6nnen Sie folgende Aktionen durchf\u00fchren:<br \/>\u2022 Cookies akzeptieren. Beim Zugriff auf eine beliebige Seite des Portals w\u00e4hrend der aktuellen Sitzung wird diese Meldung nicht mehr angezeigt.<br \/>\u2022 Schlie\u00dfen. Die Meldung wird auf der aktuellen Seite ausgeblendet.<br \/>\u2022 Ihre Einstellungen \u00e4ndern. Sie k\u00f6nnen weitere Informationen \u00fcber Cookies erhalten, sich \u00fcber die Cookie-Richtlinie von www.teichenne.com informieren und die Konfiguration Ihres Browsers \u00e4ndern.<\/p>\n\t\t\t\t\t\t\t\t<\/div>\n\t\t\t\t<\/div>\n\t\t\t\t\t<\/div>\n\t\t<\/div>\n\t\t\t\t\t<\/div>\n\t\t<\/section>\n\t\t\t\t\t<\/div>\n\t\t<\/div>\n\t\t\t\t\t<\/div>\n\t\t<\/section>\n\t\t\t\t<\/div>\n\t\t","protected":false},"excerpt":{"rendered":"<p>COOKIE-RICHTLINIE Cookie-Richtlinie Teichenn\u00e9 informiert \u00fcber die Verwendung von Cookies auf seiner Website: www.kildacreams.com Was sind Cookies? Cookies sind Dateien, die von Websites auf Ihren Computer geladen werden k\u00f6nnen. Sie sind Hilfsmittel, die eine wesentliche Rolle bei der Bereitstellung zahlreicher Dienste der Informationsgesellschaft spielen. Unter anderem kann eine Website damit Informationen \u00fcber die Surfgewohnheiten eines Nutzers [&hellip;]<\/p>\n","protected":false},"author":2,"featured_media":0,"parent":0,"menu_order":0,"comment_status":"closed","ping_status":"closed","template":"elementor_header_footer","meta":{"inline_featured_image":false,"footnotes":""},"class_list":["post-2898","page","type-page","status-publish","hentry"],"yoast_head":"<!-- This site is optimized with the Yoast SEO plugin v27.2 - https:\/\/yoast.com\/product\/yoast-seo-wordpress\/ -->\n<title>Cookie-Richtlinie &#8226; Kilda Creams<\/title>\n<meta name=\"robots\" content=\"index, follow, max-snippet:-1, max-image-preview:large, max-video-preview:-1\" \/>\n<link rel=\"canonical\" href=\"https:\/\/kildacreams.com\/de\/cookie-richtlinie\/\" \/>\n<meta property=\"og:locale\" content=\"de_DE\" \/>\n<meta property=\"og:type\" content=\"article\" \/>\n<meta property=\"og:title\" content=\"Cookie-Richtlinie &#8226; Kilda Creams\" \/>\n<meta property=\"og:description\" content=\"COOKIE-RICHTLINIE Cookie-Richtlinie Teichenn\u00e9 informiert \u00fcber die Verwendung von Cookies auf seiner Website: www.kildacreams.com Was sind Cookies? Cookies sind Dateien, die von Websites auf Ihren Computer geladen werden k\u00f6nnen. Sie sind Hilfsmittel, die eine wesentliche Rolle bei der Bereitstellung zahlreicher Dienste der Informationsgesellschaft spielen. Unter anderem kann eine Website damit Informationen \u00fcber die Surfgewohnheiten eines Nutzers [&hellip;]\" \/>\n<meta property=\"og:url\" content=\"https:\/\/kildacreams.com\/de\/cookie-richtlinie\/\" \/>\n<meta property=\"og:site_name\" content=\"Kilda Creams\" \/>\n<meta property=\"article:publisher\" content=\"https:\/\/www.facebook.com\/profile.php?id=100094161317025\" \/>\n<meta property=\"article:modified_time\" content=\"2024-01-10T15:27:26+00:00\" \/>\n<meta property=\"og:image\" content=\"https:\/\/kildacreams.com\/wp-content\/uploads\/2023\/07\/kilda_crema_limon_fresa_larbre_teichenne_espana_logo-fabicon.png\" \/>\n\t<meta property=\"og:image:width\" content=\"512\" \/>\n\t<meta property=\"og:image:height\" content=\"339\" \/>\n\t<meta property=\"og:image:type\" content=\"image\/png\" \/>\n<meta name=\"twitter:card\" content=\"summary_large_image\" \/>\n<meta name=\"twitter:label1\" content=\"Gesch\u00e4tzte Lesezeit\" \/>\n\t<meta name=\"twitter:data1\" content=\"5\u00a0Minuten\" \/>\n<script type=\"application\/ld+json\" class=\"yoast-schema-graph\">{\"@context\":\"https:\/\/schema.org\",\"@graph\":[{\"@type\":\"WebPage\",\"@id\":\"https:\/\/kildacreams.com\/de\/cookie-richtlinie\/\",\"url\":\"https:\/\/kildacreams.com\/de\/cookie-richtlinie\/\",\"name\":\"Cookie-Richtlinie &#8226; Kilda Creams\",\"isPartOf\":{\"@id\":\"https:\/\/kildacreams.com\/de\/#website\"},\"datePublished\":\"2023-07-11T07:52:50+00:00\",\"dateModified\":\"2024-01-10T15:27:26+00:00\",\"breadcrumb\":{\"@id\":\"https:\/\/kildacreams.com\/de\/cookie-richtlinie\/#breadcrumb\"},\"inLanguage\":\"de\",\"potentialAction\":[{\"@type\":\"ReadAction\",\"target\":[\"https:\/\/kildacreams.com\/de\/cookie-richtlinie\/\"]}]},{\"@type\":\"BreadcrumbList\",\"@id\":\"https:\/\/kildacreams.com\/de\/cookie-richtlinie\/#breadcrumb\",\"itemListElement\":[{\"@type\":\"ListItem\",\"position\":1,\"name\":\"Portada\",\"item\":\"https:\/\/kildacreams.com\/de\/\"},{\"@type\":\"ListItem\",\"position\":2,\"name\":\"Cookie-Richtlinie\"}]},{\"@type\":\"WebSite\",\"@id\":\"https:\/\/kildacreams.com\/de\/#website\",\"url\":\"https:\/\/kildacreams.com\/de\/\",\"name\":\"Kilda Creams\",\"description\":\"Es hora de expresarte\",\"publisher\":{\"@id\":\"https:\/\/kildacreams.com\/de\/#organization\"},\"alternateName\":\"KildaCreams\",\"potentialAction\":[{\"@type\":\"SearchAction\",\"target\":{\"@type\":\"EntryPoint\",\"urlTemplate\":\"https:\/\/kildacreams.com\/de\/?s={search_term_string}\"},\"query-input\":{\"@type\":\"PropertyValueSpecification\",\"valueRequired\":true,\"valueName\":\"search_term_string\"}}],\"inLanguage\":\"de\"},{\"@type\":\"Organization\",\"@id\":\"https:\/\/kildacreams.com\/de\/#organization\",\"name\":\"Kilda Creams\",\"url\":\"https:\/\/kildacreams.com\/de\/\",\"logo\":{\"@type\":\"ImageObject\",\"inLanguage\":\"de\",\"@id\":\"https:\/\/kildacreams.com\/de\/#\/schema\/logo\/image\/\",\"url\":\"https:\/\/kildacreams.com\/wp-content\/uploads\/2023\/07\/cropped-kilda_crema_limon_fresa_larbre_teichenne_espana_logo.png\",\"contentUrl\":\"https:\/\/kildacreams.com\/wp-content\/uploads\/2023\/07\/cropped-kilda_crema_limon_fresa_larbre_teichenne_espana_logo.png\",\"width\":1080,\"height\":718,\"caption\":\"Kilda Creams\"},\"image\":{\"@id\":\"https:\/\/kildacreams.com\/de\/#\/schema\/logo\/image\/\"},\"sameAs\":[\"https:\/\/www.facebook.com\/profile.php?id=100094161317025\"]}]}<\/script>\n<!-- \/ Yoast SEO plugin. -->","yoast_head_json":{"title":"Cookie-Richtlinie &#8226; Kilda Creams","robots":{"index":"index","follow":"follow","max-snippet":"max-snippet:-1","max-image-preview":"max-image-preview:large","max-video-preview":"max-video-preview:-1"},"canonical":"https:\/\/kildacreams.com\/de\/cookie-richtlinie\/","og_locale":"de_DE","og_type":"article","og_title":"Cookie-Richtlinie &#8226; Kilda Creams","og_description":"COOKIE-RICHTLINIE Cookie-Richtlinie Teichenn\u00e9 informiert \u00fcber die Verwendung von Cookies auf seiner Website: www.kildacreams.com Was sind Cookies? Cookies sind Dateien, die von Websites auf Ihren Computer geladen werden k\u00f6nnen. Sie sind Hilfsmittel, die eine wesentliche Rolle bei der Bereitstellung zahlreicher Dienste der Informationsgesellschaft spielen. Unter anderem kann eine Website damit Informationen \u00fcber die Surfgewohnheiten eines Nutzers [&hellip;]","og_url":"https:\/\/kildacreams.com\/de\/cookie-richtlinie\/","og_site_name":"Kilda Creams","article_publisher":"https:\/\/www.facebook.com\/profile.php?id=100094161317025","article_modified_time":"2024-01-10T15:27:26+00:00","og_image":[{"width":512,"height":339,"url":"https:\/\/kildacreams.com\/wp-content\/uploads\/2023\/07\/kilda_crema_limon_fresa_larbre_teichenne_espana_logo-fabicon.png","type":"image\/png"}],"twitter_card":"summary_large_image","twitter_misc":{"Gesch\u00e4tzte Lesezeit":"5\u00a0Minuten"},"schema":{"@context":"https:\/\/schema.org","@graph":[{"@type":"WebPage","@id":"https:\/\/kildacreams.com\/de\/cookie-richtlinie\/","url":"https:\/\/kildacreams.com\/de\/cookie-richtlinie\/","name":"Cookie-Richtlinie &#8226; Kilda Creams","isPartOf":{"@id":"https:\/\/kildacreams.com\/de\/#website"},"datePublished":"2023-07-11T07:52:50+00:00","dateModified":"2024-01-10T15:27:26+00:00","breadcrumb":{"@id":"https:\/\/kildacreams.com\/de\/cookie-richtlinie\/#breadcrumb"},"inLanguage":"de","potentialAction":[{"@type":"ReadAction","target":["https:\/\/kildacreams.com\/de\/cookie-richtlinie\/"]}]},{"@type":"BreadcrumbList","@id":"https:\/\/kildacreams.com\/de\/cookie-richtlinie\/#breadcrumb","itemListElement":[{"@type":"ListItem","position":1,"name":"Portada","item":"https:\/\/kildacreams.com\/de\/"},{"@type":"ListItem","position":2,"name":"Cookie-Richtlinie"}]},{"@type":"WebSite","@id":"https:\/\/kildacreams.com\/de\/#website","url":"https:\/\/kildacreams.com\/de\/","name":"Kilda Creams","description":"Es hora de expresarte","publisher":{"@id":"https:\/\/kildacreams.com\/de\/#organization"},"alternateName":"KildaCreams","potentialAction":[{"@type":"SearchAction","target":{"@type":"EntryPoint","urlTemplate":"https:\/\/kildacreams.com\/de\/?s={search_term_string}"},"query-input":{"@type":"PropertyValueSpecification","valueRequired":true,"valueName":"search_term_string"}}],"inLanguage":"de"},{"@type":"Organization","@id":"https:\/\/kildacreams.com\/de\/#organization","name":"Kilda Creams","url":"https:\/\/kildacreams.com\/de\/","logo":{"@type":"ImageObject","inLanguage":"de","@id":"https:\/\/kildacreams.com\/de\/#\/schema\/logo\/image\/","url":"https:\/\/kildacreams.com\/wp-content\/uploads\/2023\/07\/cropped-kilda_crema_limon_fresa_larbre_teichenne_espana_logo.png","contentUrl":"https:\/\/kildacreams.com\/wp-content\/uploads\/2023\/07\/cropped-kilda_crema_limon_fresa_larbre_teichenne_espana_logo.png","width":1080,"height":718,"caption":"Kilda Creams"},"image":{"@id":"https:\/\/kildacreams.com\/de\/#\/schema\/logo\/image\/"},"sameAs":["https:\/\/www.facebook.com\/profile.php?id=100094161317025"]}]}},"_links":{"self":[{"href":"https:\/\/kildacreams.com\/de\/wp-json\/wp\/v2\/pages\/2898","targetHints":{"allow":["GET"]}}],"collection":[{"href":"https:\/\/kildacreams.com\/de\/wp-json\/wp\/v2\/pages"}],"about":[{"href":"https:\/\/kildacreams.com\/de\/wp-json\/wp\/v2\/types\/page"}],"author":[{"embeddable":true,"href":"https:\/\/kildacreams.com\/de\/wp-json\/wp\/v2\/users\/2"}],"replies":[{"embeddable":true,"href":"https:\/\/kildacreams.com\/de\/wp-json\/wp\/v2\/comments?post=2898"}],"version-history":[{"count":3,"href":"https:\/\/kildacreams.com\/de\/wp-json\/wp\/v2\/pages\/2898\/revisions"}],"predecessor-version":[{"id":2901,"href":"https:\/\/kildacreams.com\/de\/wp-json\/wp\/v2\/pages\/2898\/revisions\/2901"}],"wp:attachment":[{"href":"https:\/\/kildacreams.com\/de\/wp-json\/wp\/v2\/media?parent=2898"}],"curies":[{"name":"wp","href":"https:\/\/api.w.org\/{rel}","templated":true}]}}