{"id":2112,"date":"2023-07-11T09:52:50","date_gmt":"2023-07-11T07:52:50","guid":{"rendered":"https:\/\/kildacreams.com\/politica-de-cookies\/"},"modified":"2023-07-17T16:59:42","modified_gmt":"2023-07-17T14:59:42","slug":"politica-de-cookies","status":"publish","type":"page","link":"https:\/\/kildacreams.com\/ca\/politica-de-cookies\/","title":{"rendered":"Pol\u00edtica de Cookies"},"content":{"rendered":"\t\t<div data-elementor-type=\"wp-page\" data-elementor-id=\"2112\" class=\"elementor elementor-2112 elementor-1344\" data-elementor-post-type=\"page\">\n\t\t\t\t\t\t<section class=\"elementor-section elementor-top-section elementor-element elementor-element-060e32a elementor-section-height-min-height elementor-section-boxed elementor-section-height-default elementor-section-items-middle\" data-id=\"060e32a\" data-element_type=\"section\" data-e-type=\"section\" data-settings=\"{&quot;background_background&quot;:&quot;classic&quot;}\">\n\t\t\t\t\t\t\t<div class=\"elementor-background-overlay\"><\/div>\n\t\t\t\t\t\t\t<div class=\"elementor-container elementor-column-gap-default\">\n\t\t\t\t\t<div class=\"elementor-column elementor-col-100 elementor-top-column elementor-element elementor-element-9573c7c\" data-id=\"9573c7c\" data-element_type=\"column\" data-e-type=\"column\" data-settings=\"{&quot;background_background&quot;:&quot;classic&quot;}\">\n\t\t\t<div class=\"elementor-widget-wrap elementor-element-populated\">\n\t\t\t\t\t\t<section class=\"elementor-section elementor-inner-section elementor-element elementor-element-af3680f elementor-section-boxed elementor-section-height-default elementor-section-height-default\" data-id=\"af3680f\" data-element_type=\"section\" data-e-type=\"section\" data-settings=\"{&quot;background_background&quot;:&quot;classic&quot;}\">\n\t\t\t\t\t\t<div class=\"elementor-container elementor-column-gap-default\">\n\t\t\t\t\t<div class=\"elementor-column elementor-col-100 elementor-inner-column elementor-element elementor-element-f8119cc\" data-id=\"f8119cc\" data-element_type=\"column\" data-e-type=\"column\">\n\t\t\t<div class=\"elementor-widget-wrap elementor-element-populated\">\n\t\t\t\t\t\t<div class=\"elementor-element elementor-element-2b833e7 elementor-widget elementor-widget-heading\" data-id=\"2b833e7\" data-element_type=\"widget\" data-e-type=\"widget\" data-widget_type=\"heading.default\">\n\t\t\t\t<div class=\"elementor-widget-container\">\n\t\t\t\t\t<h2 class=\"elementor-heading-title elementor-size-default\">POL\u00cdTICA DE COOKIES<\/h2>\t\t\t\t<\/div>\n\t\t\t\t<\/div>\n\t\t\t\t<div class=\"elementor-element elementor-element-8b8a7be elementor-widget elementor-widget-text-editor\" data-id=\"8b8a7be\" data-element_type=\"widget\" data-e-type=\"widget\" data-widget_type=\"text-editor.default\">\n\t\t\t\t<div class=\"elementor-widget-container\">\n\t\t\t\t\t\t\t\t\t<p>Pol\u00edtica de cookies<\/p>\n<p>Teichenn\u00e9 informa sobre l&#8217;\u00fas de les cookies a la seva p\u00e0gina web: www.kildacreams.com<\/p>\n<p>Qu\u00e8 s\u00f3n les cookies?<\/p>\n<p>Les cookies s\u00f3n arxius que es poden descarregar al vostre equip a trav\u00e9s de les p\u00e0gines web. S\u00f3n eines que tenen un paper essencial per a la prestaci\u00f3 de nombrosos serveis de la societat de la informaci\u00f3. Entre d&#8217;altres, permeten a una p\u00e0gina web emmagatzemar i recuperar informaci\u00f3 sobre els h\u00e0bits de navegaci\u00f3 d&#8217;un usuari o del vostre equip i, depenent de la informaci\u00f3 obtinguda, es poden utilitzar per recon\u00e8ixer l&#8217;usuari i millorar el servei ofert.<\/p>\n<p>Tipus de cookies<\/p>\n<p>Segons qui sigui l&#8217;entitat que gestioni el domini des d&#8217;on s&#8217;envien les cookies i tracti les dades que s&#8217;obtinguin es poden distingir dos tipus:<\/p>\n<p>\u2022 Cookies pr\u00f2pies: les que s&#8217;envien a l&#8217;equip terminal de l&#8217;usuari des d&#8217;un equip o domini gestionat pel mateix editor i des del qual es presta el servei sol\u00b7licitat per l&#8217;usuari.<br \/>\u2022 Cookies de tercers: aquelles que s&#8217;envien a l&#8217;equip terminal de l&#8217;usuari des d&#8217;un equip o domini que no \u00e9s gestionat per l&#8217;editor, sin\u00f3 per una altra entitat que tracta les dades obtingudes a trav\u00e9s de les cookies.<\/p>\n<p>En el cas que les cookies siguin instal\u00b7lades des d&#8217;un equip o domini gestionat pel mateix editor per\u00f2 la informaci\u00f3 que es reculli mitjan\u00e7ant aquestes sigui gestionada per un tercer, no poden ser considerades com a cookies pr\u00f2pies.<\/p>\n<p>Hi ha tamb\u00e9 una segona classificaci\u00f3 segons el termini de temps que romanen emmagatzemades al navegador del client, podent tractar-se de:<\/p>\n<p>\u2022 Cookies de sessi\u00f3: dissenyades per demanar i emmagatzemar dades mentre l&#8217;usuari accedeix a una p\u00e0gina web. Se solen emprar per emmagatzemar informaci\u00f3 que nom\u00e9s interessa conservar per a la prestaci\u00f3 del servei sol\u00b7licitat per l&#8217;usuari en una sola ocasi\u00f3 (per exemple, una llista de productes adquirits).<br \/>\u2022 Cookies persistents: les dades segueixen emmagatzemades al terminal i poden ser accedides i tractades durant un per\u00edode definit pel responsable de la galeta, i que pot anar d&#8217;uns minuts a diversos anys.<\/p>\n<p>Finalment, hi ha una altra classificaci\u00f3 amb cinc tipus de cookies segons la finalitat per a la qual es tractin les dades obtingudes:<\/p>\n<p>\u2022 Cookies t\u00e8cniques: aquelles que permeten a l&#8217;usuari la navegaci\u00f3 a trav\u00e9s d&#8217;una p\u00e0gina web,<br \/>plataforma o aplicaci\u00f3 i la utilitzaci\u00f3 de les diferents opcions o serveis que hi hagi com, per exemple, controlar el tr\u00e0nsit i la comunicaci\u00f3 de dades, identificar la sessi\u00f3, accedir a parts d&#8217;acc\u00e9s restringit, recordar els elements que integren una comanda, realitzar<\/p>\n<p>el proc\u00e9s de compra d&#8217;una comanda, fer la sol\u00b7licitud d\u2019inscripci\u00f3 o participaci\u00f3 en un esdeveniment, utilitzar elements de seguretat durant la navegaci\u00f3, emmagatzemar continguts per a la difusi\u00f3 de v\u00eddeos o so o compartir continguts a trav\u00e9s de xarxes socials.<br \/>\u2022 Cookies de personalitzaci\u00f3: permeten a l&#8217;usuari accedir al servei amb algunes caracter\u00edstiques de car\u00e0cter general predefinides en funci\u00f3 d&#8217;una s\u00e8rie de criteris al terminal de l&#8217;usuari com ara serien l&#8217;idioma, el tipus de navegador a trav\u00e9s del qual accedeix al servei, la configuraci\u00f3 regional des d&#8217;on accedeix al servei, etc.<br \/>\u2022 Cookies d&#8217;an\u00e0lisi: permeten al responsable de les mateixes, el seguiment i l&#8217;an\u00e0lisi del comportament dels usuaris dels llocs web als quals estan vinculades. La informaci\u00f3 recollida mitjan\u00e7ant aquest tipus de cookies s&#8217;utilitza en el mesurament de l&#8217;activitat dels llocs web, aplicaci\u00f3 o plataforma i per a l&#8217;elaboraci\u00f3 de perfils de navegaci\u00f3 dels usuaris d&#8217;aquests llocs, aplicacions i plataformes, per introduir millores a funci\u00f3 de l\u2019an\u00e0lisi de les dades d\u2019\u00fas que fan els usuaris del servei.<br \/>\u2022 Cookies publicit\u00e0ries: permeten la gesti\u00f3, de la manera m\u00e9s efica\u00e7 possible, dels espais publicitaris.<br \/>\u2022 Cookies de publicitat comportamental: emmagatzemen informaci\u00f3 del comportament dels usuaris obtinguda a trav\u00e9s de l&#8217;observaci\u00f3 continuada dels seus h\u00e0bits de navegaci\u00f3, cosa que permet desenvolupar un perfil espec\u00edfic per mostrar publicitat en funci\u00f3 del mateix.<br \/>\u2022 Cookies de xarxes socials externes: s&#8217;utilitzen perqu\u00e8 els visitants puguin interactuar amb el contingut de diferents plataformes socials (facebook, youtube, twitter, linkedIn, etc..) i que es generin \u00fanicament per als usuaris de les xarxes socials esmentades. Les condicions d&#8217;utilitzaci\u00f3 d&#8217;aquestes cookies i la informaci\u00f3 recopilada es regula per la pol\u00edtica de privadesa de la plataforma social corresponent.<\/p>\n<p>Desactivaci\u00f3 i eliminaci\u00f3 de cookies<\/p>\n<p>Teniu l&#8217;opci\u00f3 de permetre, bloquejar o eliminar les cookies instal\u00b7lades al vostre equip mitjan\u00e7ant la configuraci\u00f3 de les opcions del navegador instal\u00b7lat al vostre equip. En desactivar cookies, alguns dels serveis disponibles podrien deixar d&#8217;estar operatius. La forma de deshabilitar les cookies \u00e9s diferent per a cada navegador, per\u00f2 normalment es pot fer des del men\u00fa Eines o Opcions. Tamb\u00e9 podeu consultar el men\u00fa d&#8217;Ajuda del navegador on podeu trobar instruccions. L&#8217;usuari podr\u00e0 en qualsevol moment triar quines cookies vol que funcionin en aquest lloc web.<\/p>\n<p>Podeu permetre, bloquejar o eliminar les cookies instal\u00b7lades al vostre equip mitjan\u00e7ant la configuraci\u00f3 de les opcions del navegador instal\u00b7lat al vostre ordinador:<\/p>\n<p>\u2022 Microsoft Internet Explorer o Microsoft Edge: http:\/\/windows.microsoft.com\/es-es\/windows-vista\/Block-or-allow-cookies<br \/>\u2022 Mozilla Firefox: http:\/\/support.mozilla.org\/es\/kb\/impedir-que-los-sitios-web-guarden-sus-preferencia<br \/>\u2022 Chrome: https:\/\/support.google.com\/accounts\/answer\/61416?hl=ca<br \/>\u2022 Safari: http:\/\/safari.helpmax.net\/es\/privacidad-y-seguridad\/como-gestionar-las-cookies\/<br \/>\u2022 Opera: http:\/\/help.opera.com\/Linux\/10.60\/es-ES\/cookies.html<\/p>\n<p>A m\u00e9s, tamb\u00e9 podeu gestionar el magatzem de cookies al vostre navegador a trav\u00e9s d&#8217;eines com les seg\u00fcents<\/p>\n<p>\u2022 Ghostery: www.ghostery.com\/<br \/>\u2022 Your online choices: www.youronlinechoices.com\/es\/<\/p>\n<p>Cookies utilitzades a www.kildacreams.com<\/p>\n<p>A continuaci\u00f3 s&#8217;identifiquen les cookies que estan sent utilitzades en aquest portal aix\u00ed com la seva tipologia i funci\u00f3:<\/p>\n<p>Acceptaci\u00f3 de la Pol\u00edtica de cookies<\/p>\n<p>www.teichenne.com assumeix que vost\u00e8 accepta l\u2019\u00fas de cookies. No obstant aix\u00f2, mostra informaci\u00f3 sobre la vostra Pol\u00edtica de cookies a la part inferior o superior de qualsevol p\u00e0gina del portal amb cada inici de sessi\u00f3 per tal que vost\u00e8 sigui conscient.<\/p>\n<p>Davant d&#8217;aquesta informaci\u00f3 \u00e9s possible dur a terme les accions seg\u00fcents:<br \/>\u2022 Acceptar cookies. No es tornar\u00e0 a visualitzar aquest av\u00eds en accedir a qualsevol p\u00e0gina del portal durant aquesta sessi\u00f3.<br \/>\u2022 Tancar. S&#8217;amaga l&#8217;av\u00eds a aquesta p\u00e0gina.<br \/>\u2022 Modificar-ne la configuraci\u00f3. Podreu obtenir m\u00e9s informaci\u00f3 sobre qu\u00e8 s\u00f3n les cookies, con\u00e8ixer la Pol\u00edtica de cookies de www.kildacreams.com i modificar la configuraci\u00f3 del vostre navegador.<\/p>\n\t\t\t\t\t\t\t\t<\/div>\n\t\t\t\t<\/div>\n\t\t\t\t\t<\/div>\n\t\t<\/div>\n\t\t\t\t\t<\/div>\n\t\t<\/section>\n\t\t\t\t\t<\/div>\n\t\t<\/div>\n\t\t\t\t\t<\/div>\n\t\t<\/section>\n\t\t\t\t<\/div>\n\t\t","protected":false},"excerpt":{"rendered":"<p>POL\u00cdTICA DE COOKIES Pol\u00edtica de cookies Teichenn\u00e9 informa sobre l&#8217;\u00fas de les cookies a la seva p\u00e0gina web: www.kildacreams.com Qu\u00e8 s\u00f3n les cookies? Les cookies s\u00f3n arxius que es poden descarregar al vostre equip a trav\u00e9s de les p\u00e0gines web. S\u00f3n eines que tenen un paper essencial per a la prestaci\u00f3 de nombrosos serveis de [&hellip;]<\/p>\n","protected":false},"author":2,"featured_media":0,"parent":0,"menu_order":0,"comment_status":"closed","ping_status":"closed","template":"elementor_header_footer","meta":{"inline_featured_image":false,"footnotes":""},"class_list":["post-2112","page","type-page","status-publish","hentry"],"yoast_head":"<!-- This site is optimized with the Yoast SEO plugin v27.2 - https:\/\/yoast.com\/product\/yoast-seo-wordpress\/ -->\n<title>Pol\u00edtica de Cookies &#8226; Kilda Creams<\/title>\n<meta name=\"robots\" content=\"index, follow, max-snippet:-1, max-image-preview:large, max-video-preview:-1\" \/>\n<link rel=\"canonical\" href=\"https:\/\/kildacreams.com\/ca\/politica-de-cookies\/\" \/>\n<meta property=\"og:locale\" content=\"ca_ES\" \/>\n<meta property=\"og:type\" content=\"article\" \/>\n<meta property=\"og:title\" content=\"Pol\u00edtica de Cookies &#8226; Kilda Creams\" \/>\n<meta property=\"og:description\" content=\"POL\u00cdTICA DE COOKIES Pol\u00edtica de cookies Teichenn\u00e9 informa sobre l&#8217;\u00fas de les cookies a la seva p\u00e0gina web: www.kildacreams.com Qu\u00e8 s\u00f3n les cookies? Les cookies s\u00f3n arxius que es poden descarregar al vostre equip a trav\u00e9s de les p\u00e0gines web. S\u00f3n eines que tenen un paper essencial per a la prestaci\u00f3 de nombrosos serveis de [&hellip;]\" \/>\n<meta property=\"og:url\" content=\"https:\/\/kildacreams.com\/ca\/politica-de-cookies\/\" \/>\n<meta property=\"og:site_name\" content=\"Kilda Creams\" \/>\n<meta property=\"article:publisher\" content=\"https:\/\/www.facebook.com\/profile.php?id=100094161317025\" \/>\n<meta property=\"article:modified_time\" content=\"2023-07-17T14:59:42+00:00\" \/>\n<meta property=\"og:image\" content=\"https:\/\/kildacreams.com\/wp-content\/uploads\/2023\/07\/kilda_crema_limon_fresa_larbre_teichenne_espana_logo-fabicon.png\" \/>\n\t<meta property=\"og:image:width\" content=\"512\" \/>\n\t<meta property=\"og:image:height\" content=\"339\" \/>\n\t<meta property=\"og:image:type\" content=\"image\/png\" \/>\n<meta name=\"twitter:card\" content=\"summary_large_image\" \/>\n<meta name=\"twitter:label1\" content=\"Temps estimat de lectura\" \/>\n\t<meta name=\"twitter:data1\" content=\"5 minuts\" \/>\n<script type=\"application\/ld+json\" class=\"yoast-schema-graph\">{\"@context\":\"https:\/\/schema.org\",\"@graph\":[{\"@type\":\"WebPage\",\"@id\":\"https:\/\/kildacreams.com\/ca\/politica-de-cookies\/\",\"url\":\"https:\/\/kildacreams.com\/ca\/politica-de-cookies\/\",\"name\":\"Pol\u00edtica de Cookies &#8226; Kilda Creams\",\"isPartOf\":{\"@id\":\"https:\/\/kildacreams.com\/ca\/#website\"},\"datePublished\":\"2023-07-11T07:52:50+00:00\",\"dateModified\":\"2023-07-17T14:59:42+00:00\",\"breadcrumb\":{\"@id\":\"https:\/\/kildacreams.com\/ca\/politica-de-cookies\/#breadcrumb\"},\"inLanguage\":\"ca\",\"potentialAction\":[{\"@type\":\"ReadAction\",\"target\":[\"https:\/\/kildacreams.com\/ca\/politica-de-cookies\/\"]}]},{\"@type\":\"BreadcrumbList\",\"@id\":\"https:\/\/kildacreams.com\/ca\/politica-de-cookies\/#breadcrumb\",\"itemListElement\":[{\"@type\":\"ListItem\",\"position\":1,\"name\":\"Portada\",\"item\":\"https:\/\/kildacreams.com\/ca\/\"},{\"@type\":\"ListItem\",\"position\":2,\"name\":\"Pol\u00edtica de Cookies\"}]},{\"@type\":\"WebSite\",\"@id\":\"https:\/\/kildacreams.com\/ca\/#website\",\"url\":\"https:\/\/kildacreams.com\/ca\/\",\"name\":\"Kilda Creams\",\"description\":\"Es hora de expresarte\",\"publisher\":{\"@id\":\"https:\/\/kildacreams.com\/ca\/#organization\"},\"alternateName\":\"KildaCreams\",\"potentialAction\":[{\"@type\":\"SearchAction\",\"target\":{\"@type\":\"EntryPoint\",\"urlTemplate\":\"https:\/\/kildacreams.com\/ca\/?s={search_term_string}\"},\"query-input\":{\"@type\":\"PropertyValueSpecification\",\"valueRequired\":true,\"valueName\":\"search_term_string\"}}],\"inLanguage\":\"ca\"},{\"@type\":\"Organization\",\"@id\":\"https:\/\/kildacreams.com\/ca\/#organization\",\"name\":\"Kilda Creams\",\"url\":\"https:\/\/kildacreams.com\/ca\/\",\"logo\":{\"@type\":\"ImageObject\",\"inLanguage\":\"ca\",\"@id\":\"https:\/\/kildacreams.com\/ca\/#\/schema\/logo\/image\/\",\"url\":\"https:\/\/kildacreams.com\/wp-content\/uploads\/2023\/07\/cropped-kilda_crema_limon_fresa_larbre_teichenne_espana_logo.png\",\"contentUrl\":\"https:\/\/kildacreams.com\/wp-content\/uploads\/2023\/07\/cropped-kilda_crema_limon_fresa_larbre_teichenne_espana_logo.png\",\"width\":1080,\"height\":718,\"caption\":\"Kilda Creams\"},\"image\":{\"@id\":\"https:\/\/kildacreams.com\/ca\/#\/schema\/logo\/image\/\"},\"sameAs\":[\"https:\/\/www.facebook.com\/profile.php?id=100094161317025\"]}]}<\/script>\n<!-- \/ Yoast SEO plugin. -->","yoast_head_json":{"title":"Pol\u00edtica de Cookies &#8226; Kilda Creams","robots":{"index":"index","follow":"follow","max-snippet":"max-snippet:-1","max-image-preview":"max-image-preview:large","max-video-preview":"max-video-preview:-1"},"canonical":"https:\/\/kildacreams.com\/ca\/politica-de-cookies\/","og_locale":"ca_ES","og_type":"article","og_title":"Pol\u00edtica de Cookies &#8226; Kilda Creams","og_description":"POL\u00cdTICA DE COOKIES Pol\u00edtica de cookies Teichenn\u00e9 informa sobre l&#8217;\u00fas de les cookies a la seva p\u00e0gina web: www.kildacreams.com Qu\u00e8 s\u00f3n les cookies? Les cookies s\u00f3n arxius que es poden descarregar al vostre equip a trav\u00e9s de les p\u00e0gines web. S\u00f3n eines que tenen un paper essencial per a la prestaci\u00f3 de nombrosos serveis de [&hellip;]","og_url":"https:\/\/kildacreams.com\/ca\/politica-de-cookies\/","og_site_name":"Kilda Creams","article_publisher":"https:\/\/www.facebook.com\/profile.php?id=100094161317025","article_modified_time":"2023-07-17T14:59:42+00:00","og_image":[{"width":512,"height":339,"url":"https:\/\/kildacreams.com\/wp-content\/uploads\/2023\/07\/kilda_crema_limon_fresa_larbre_teichenne_espana_logo-fabicon.png","type":"image\/png"}],"twitter_card":"summary_large_image","twitter_misc":{"Temps estimat de lectura":"5 minuts"},"schema":{"@context":"https:\/\/schema.org","@graph":[{"@type":"WebPage","@id":"https:\/\/kildacreams.com\/ca\/politica-de-cookies\/","url":"https:\/\/kildacreams.com\/ca\/politica-de-cookies\/","name":"Pol\u00edtica de Cookies &#8226; Kilda Creams","isPartOf":{"@id":"https:\/\/kildacreams.com\/ca\/#website"},"datePublished":"2023-07-11T07:52:50+00:00","dateModified":"2023-07-17T14:59:42+00:00","breadcrumb":{"@id":"https:\/\/kildacreams.com\/ca\/politica-de-cookies\/#breadcrumb"},"inLanguage":"ca","potentialAction":[{"@type":"ReadAction","target":["https:\/\/kildacreams.com\/ca\/politica-de-cookies\/"]}]},{"@type":"BreadcrumbList","@id":"https:\/\/kildacreams.com\/ca\/politica-de-cookies\/#breadcrumb","itemListElement":[{"@type":"ListItem","position":1,"name":"Portada","item":"https:\/\/kildacreams.com\/ca\/"},{"@type":"ListItem","position":2,"name":"Pol\u00edtica de Cookies"}]},{"@type":"WebSite","@id":"https:\/\/kildacreams.com\/ca\/#website","url":"https:\/\/kildacreams.com\/ca\/","name":"Kilda Creams","description":"Es hora de expresarte","publisher":{"@id":"https:\/\/kildacreams.com\/ca\/#organization"},"alternateName":"KildaCreams","potentialAction":[{"@type":"SearchAction","target":{"@type":"EntryPoint","urlTemplate":"https:\/\/kildacreams.com\/ca\/?s={search_term_string}"},"query-input":{"@type":"PropertyValueSpecification","valueRequired":true,"valueName":"search_term_string"}}],"inLanguage":"ca"},{"@type":"Organization","@id":"https:\/\/kildacreams.com\/ca\/#organization","name":"Kilda Creams","url":"https:\/\/kildacreams.com\/ca\/","logo":{"@type":"ImageObject","inLanguage":"ca","@id":"https:\/\/kildacreams.com\/ca\/#\/schema\/logo\/image\/","url":"https:\/\/kildacreams.com\/wp-content\/uploads\/2023\/07\/cropped-kilda_crema_limon_fresa_larbre_teichenne_espana_logo.png","contentUrl":"https:\/\/kildacreams.com\/wp-content\/uploads\/2023\/07\/cropped-kilda_crema_limon_fresa_larbre_teichenne_espana_logo.png","width":1080,"height":718,"caption":"Kilda Creams"},"image":{"@id":"https:\/\/kildacreams.com\/ca\/#\/schema\/logo\/image\/"},"sameAs":["https:\/\/www.facebook.com\/profile.php?id=100094161317025"]}]}},"_links":{"self":[{"href":"https:\/\/kildacreams.com\/ca\/wp-json\/wp\/v2\/pages\/2112","targetHints":{"allow":["GET"]}}],"collection":[{"href":"https:\/\/kildacreams.com\/ca\/wp-json\/wp\/v2\/pages"}],"about":[{"href":"https:\/\/kildacreams.com\/ca\/wp-json\/wp\/v2\/types\/page"}],"author":[{"embeddable":true,"href":"https:\/\/kildacreams.com\/ca\/wp-json\/wp\/v2\/users\/2"}],"replies":[{"embeddable":true,"href":"https:\/\/kildacreams.com\/ca\/wp-json\/wp\/v2\/comments?post=2112"}],"version-history":[{"count":1,"href":"https:\/\/kildacreams.com\/ca\/wp-json\/wp\/v2\/pages\/2112\/revisions"}],"predecessor-version":[{"id":2113,"href":"https:\/\/kildacreams.com\/ca\/wp-json\/wp\/v2\/pages\/2112\/revisions\/2113"}],"wp:attachment":[{"href":"https:\/\/kildacreams.com\/ca\/wp-json\/wp\/v2\/media?parent=2112"}],"curies":[{"name":"wp","href":"https:\/\/api.w.org\/{rel}","templated":true}]}}