{"id":2039,"date":"2023-07-11T10:05:54","date_gmt":"2023-07-11T08:05:54","guid":{"rendered":"https:\/\/kildacreams.com\/contacte\/"},"modified":"2023-09-21T13:21:06","modified_gmt":"2023-09-21T11:21:06","slug":"contacte","status":"publish","type":"page","link":"https:\/\/kildacreams.com\/ca\/contacte\/","title":{"rendered":"Contacte"},"content":{"rendered":"\t\t<div data-elementor-type=\"wp-page\" data-elementor-id=\"2039\" class=\"elementor elementor-2039 elementor-1359\" data-elementor-post-type=\"page\">\n\t\t\t\t\t\t<section class=\"elementor-section elementor-top-section elementor-element elementor-element-060e32a elementor-section-height-min-height elementor-section-boxed elementor-section-height-default elementor-section-items-middle\" data-id=\"060e32a\" data-element_type=\"section\" data-e-type=\"section\" data-settings=\"{&quot;background_background&quot;:&quot;classic&quot;}\">\n\t\t\t\t\t\t\t<div class=\"elementor-background-overlay\"><\/div>\n\t\t\t\t\t\t\t<div class=\"elementor-container elementor-column-gap-default\">\n\t\t\t\t\t<div class=\"elementor-column elementor-col-100 elementor-top-column elementor-element elementor-element-9573c7c\" data-id=\"9573c7c\" data-element_type=\"column\" data-e-type=\"column\" data-settings=\"{&quot;background_background&quot;:&quot;classic&quot;}\">\n\t\t\t<div class=\"elementor-widget-wrap elementor-element-populated\">\n\t\t\t\t\t\t<section class=\"elementor-section elementor-inner-section elementor-element elementor-element-af3680f elementor-section-boxed elementor-section-height-default elementor-section-height-default\" data-id=\"af3680f\" data-element_type=\"section\" data-e-type=\"section\" data-settings=\"{&quot;background_background&quot;:&quot;classic&quot;}\">\n\t\t\t\t\t\t<div class=\"elementor-container elementor-column-gap-default\">\n\t\t\t\t\t<div class=\"elementor-column elementor-col-100 elementor-inner-column elementor-element elementor-element-f8119cc\" data-id=\"f8119cc\" data-element_type=\"column\" data-e-type=\"column\">\n\t\t\t<div class=\"elementor-widget-wrap elementor-element-populated\">\n\t\t\t\t\t\t<div class=\"elementor-element elementor-element-2b833e7 elementor-widget elementor-widget-heading\" data-id=\"2b833e7\" data-element_type=\"widget\" data-e-type=\"widget\" data-widget_type=\"heading.default\">\n\t\t\t\t<div class=\"elementor-widget-container\">\n\t\t\t\t\t<h2 class=\"elementor-heading-title elementor-size-default\">Contacte<\/h2>\t\t\t\t<\/div>\n\t\t\t\t<\/div>\n\t\t\t\t<div class=\"elementor-element elementor-element-9851934 elementor-button-align-stretch elementor-widget elementor-widget-form\" data-id=\"9851934\" data-element_type=\"widget\" data-e-type=\"widget\" data-settings=\"{&quot;step_next_label&quot;:&quot;Seg\\u00fcent&quot;,&quot;step_previous_label&quot;:&quot;Anterior&quot;,&quot;button_width&quot;:&quot;100&quot;,&quot;step_type&quot;:&quot;number_text&quot;,&quot;step_icon_shape&quot;:&quot;circle&quot;}\" data-widget_type=\"form.default\">\n\t\t\t\t<div class=\"elementor-widget-container\">\n\t\t\t\t\t\t\t<form class=\"elementor-form\" method=\"post\" name=\"Nou formulari\" aria-label=\"Nou formulari\">\n\t\t\t<input type=\"hidden\" name=\"post_id\" value=\"2039\"\/>\n\t\t\t<input type=\"hidden\" name=\"form_id\" value=\"9851934\"\/>\n\t\t\t<input type=\"hidden\" name=\"referer_title\" value=\"Contacte &#8226; Kilda Creams\" \/>\n\n\t\t\t\t\t\t\t<input type=\"hidden\" name=\"queried_id\" value=\"2039\"\/>\n\t\t\t\n\t\t\t<div class=\"elementor-form-fields-wrapper elementor-labels-above\">\n\t\t\t\t\t\t\t\t<div class=\"elementor-field-type-text elementor-field-group elementor-column elementor-field-group-name elementor-col-100\">\n\t\t\t\t\t\t\t\t\t\t\t\t<label for=\"form-field-name\" class=\"elementor-field-label\">\n\t\t\t\t\t\t\t\tNom\t\t\t\t\t\t\t<\/label>\n\t\t\t\t\t\t\t\t\t\t\t\t\t\t<input size=\"1\" type=\"text\" name=\"form_fields[name]\" id=\"form-field-name\" class=\"elementor-field elementor-size-sm  elementor-field-textual\" placeholder=\"Nom\">\n\t\t\t\t\t\t\t\t\t\t\t<\/div>\n\t\t\t\t\t\t\t\t<div class=\"elementor-field-type-email elementor-field-group elementor-column elementor-field-group-email elementor-col-100 elementor-field-required\">\n\t\t\t\t\t\t\t\t\t\t\t\t<label for=\"form-field-email\" class=\"elementor-field-label\">\n\t\t\t\t\t\t\t\tEmail\t\t\t\t\t\t\t<\/label>\n\t\t\t\t\t\t\t\t\t\t\t\t\t\t<input size=\"1\" type=\"email\" name=\"form_fields[email]\" id=\"form-field-email\" class=\"elementor-field elementor-size-sm  elementor-field-textual\" placeholder=\"Email\" required=\"required\">\n\t\t\t\t\t\t\t\t\t\t\t<\/div>\n\t\t\t\t\t\t\t\t<div class=\"elementor-field-type-textarea elementor-field-group elementor-column elementor-field-group-field_b58ed57 elementor-col-100\">\n\t\t\t\t\t\t\t\t\t\t\t\t<label for=\"form-field-field_b58ed57\" class=\"elementor-field-label\">\n\t\t\t\t\t\t\t\tAssumpte\t\t\t\t\t\t\t<\/label>\n\t\t\t\t\t\t<textarea class=\"elementor-field-textual elementor-field  elementor-size-sm\" name=\"form_fields[field_b58ed57]\" id=\"form-field-field_b58ed57\" rows=\"1\" placeholder=\"Assumpte\"><\/textarea>\t\t\t\t<\/div>\n\t\t\t\t\t\t\t\t<div class=\"elementor-field-type-textarea elementor-field-group elementor-column elementor-field-group-message elementor-col-100\">\n\t\t\t\t\t\t\t\t\t\t\t\t<label for=\"form-field-message\" class=\"elementor-field-label\">\n\t\t\t\t\t\t\t\tMissatge\t\t\t\t\t\t\t<\/label>\n\t\t\t\t\t\t<textarea class=\"elementor-field-textual elementor-field  elementor-size-sm\" name=\"form_fields[message]\" id=\"form-field-message\" rows=\"4\" placeholder=\"Missatge\"><\/textarea>\t\t\t\t<\/div>\n\t\t\t\t\t\t\t\t<div class=\"elementor-field-type-checkbox elementor-field-group elementor-column elementor-field-group-field_778ce3d elementor-col-100\">\n\t\t\t\t\t<div class=\"elementor-field-subgroup  \"><span class=\"elementor-field-option\"><input type=\"checkbox\" value=\"Dono el meu consentiment a Teichenn\u00e9 S.A perqu\u00e8 recopili les meves dades d&#039;aquest formulari, acceptant la nostra &lt;a style=&quot;color:black;&quot; href=&quot;https:\/\/www.kildacreams.com\/politica-de-privacidad&quot;&gt;&lt;u&gt;Pol\u00edtica de Protecci\u00f3 de Dades&lt;\/u&gt;&lt;\/a&gt;&lt;span style=&quot;color:red;&quot;&gt;*&lt;\/span&gt;\" id=\"form-field-field_778ce3d-0\" name=\"form_fields[field_778ce3d]\"> <label for=\"form-field-field_778ce3d-0\">Dono el meu consentiment a Teichenn\u00e9 S.A perqu\u00e8 recopili les meves dades d'aquest formulari, acceptant la nostra <a style=\"color:black;\" href=\"https:\/\/www.kildacreams.com\/politica-de-privacidad\"><u>Pol\u00edtica de Protecci\u00f3 de Dades<\/u><\/a><span style=\"color:red;\">*<\/span><\/label><\/span><\/div>\t\t\t\t<\/div>\n\t\t\t\t\t\t\t\t<div class=\"elementor-field-type-recaptcha_v3 elementor-field-group elementor-column elementor-field-group-field_bec756e elementor-col-100 recaptcha_v3-bottomright\">\n\t\t\t\t\t<div class=\"elementor-field\" id=\"form-field-field_bec756e\"><div class=\"elementor-g-recaptcha\" data-sitekey=\"6Lex7_onAAAAAL2UH69e64ala-WLCLFGOwE8byCE\" data-type=\"v3\" data-action=\"Form\" data-badge=\"bottomright\" data-size=\"invisible\"><\/div><\/div>\t\t\t\t<\/div>\n\t\t\t\t\t\t\t\t<div class=\"elementor-field-group elementor-column elementor-field-type-submit elementor-col-100 e-form__buttons\">\n\t\t\t\t\t<button class=\"elementor-button elementor-size-sm\" type=\"submit\">\n\t\t\t\t\t\t<span class=\"elementor-button-content-wrapper\">\n\t\t\t\t\t\t\t\t\t\t\t\t\t\t\t\t\t\t\t\t\t\t<span class=\"elementor-button-text\">Enviar<\/span>\n\t\t\t\t\t\t\t\t\t\t\t\t\t<\/span>\n\t\t\t\t\t<\/button>\n\t\t\t\t<\/div>\n\t\t\t<\/div>\n\t\t<\/form>\n\t\t\t\t\t\t<\/div>\n\t\t\t\t<\/div>\n\t\t\t\t<div class=\"elementor-element elementor-element-11d393d elementor-widget elementor-widget-heading\" data-id=\"11d393d\" data-element_type=\"widget\" data-e-type=\"widget\" data-widget_type=\"heading.default\">\n\t\t\t\t<div class=\"elementor-widget-container\">\n\t\t\t\t\t<h2 class=\"elementor-heading-title elementor-size-default\">Informaci\u00f3 b\u00e0sica sobre Protecci\u00f3 de Dades<\/h2>\t\t\t\t<\/div>\n\t\t\t\t<\/div>\n\t\t\t\t<div class=\"elementor-element elementor-element-8b8a7be elementor-widget elementor-widget-text-editor\" data-id=\"8b8a7be\" data-element_type=\"widget\" data-e-type=\"widget\" data-widget_type=\"text-editor.default\">\n\t\t\t\t<div class=\"elementor-widget-container\">\n\t\t\t\t\t\t\t\t\t<p><strong>Responsable:<\/strong> Teichenn\u00e9 SA <a href=\"https:\/\/kildacreams.com\/ca\/politica-de-privacitat\/\" target=\"_blank\" rel=\"noopener\">+ info<\/a><br \/><strong>Finalitat:<\/strong> Enviament d&#8217;informaci\u00f3 i\/o productes sol\u00b7licitats i de publicitat relativa als nostres productes i serveis via mail i tel\u00e8fon <a href=\"https:\/\/kildacreams.com\/ca\/politica-de-privacitat\/\" target=\"_blank\" rel=\"noopener\">+ info<\/a><br \/><strong>Legitimaci\u00f3:<\/strong> Consentiment de l&#8217;interessat, signatura de contracte <a href=\"https:\/\/kildacreams.com\/ca\/politica-de-privacitat\/\">+ info<\/a><br \/><strong>Destinataris:<\/strong> Estan previstes cessions de dades a tercers, com ara organismes oficials o similars <a href=\"https:\/\/kildacreams.com\/ca\/politica-de-privacitat\/\">+ info<\/a><br \/><strong>Drets:<\/strong> A accedir, rectificar i suprimir les dades, aix\u00ed com altres drets detallats en la nostra Pol\u00edtica de Privacitat. <a href=\"https:\/\/kildacreams.com\/ca\/politica-de-privacitat\/\">+ info<\/a><br \/><strong>Informaci\u00f3 addicional:<\/strong> disponible la informaci\u00f3 addicional i detallada sobre la Protecci\u00f3 de Dades Personals de la nostra web www.anyfes.com <a href=\"https:\/\/kildacreams.com\/ca\/politica-de-privacitat\/\">+ info<\/a><\/p>\n\t\t\t\t\t\t\t\t<\/div>\n\t\t\t\t<\/div>\n\t\t\t\t\t<\/div>\n\t\t<\/div>\n\t\t\t\t\t<\/div>\n\t\t<\/section>\n\t\t\t\t\t<\/div>\n\t\t<\/div>\n\t\t\t\t\t<\/div>\n\t\t<\/section>\n\t\t\t\t<\/div>\n\t\t","protected":false},"excerpt":{"rendered":"<p>Contacte Informaci\u00f3 b\u00e0sica sobre Protecci\u00f3 de Dades Responsable: Teichenn\u00e9 SA + infoFinalitat: Enviament d&#8217;informaci\u00f3 i\/o productes sol\u00b7licitats i de publicitat relativa als nostres productes i serveis via mail i tel\u00e8fon + infoLegitimaci\u00f3: Consentiment de l&#8217;interessat, signatura de contracte + infoDestinataris: Estan previstes cessions de dades a tercers, com ara organismes oficials o similars + infoDrets: [&hellip;]<\/p>\n","protected":false},"author":2,"featured_media":0,"parent":0,"menu_order":0,"comment_status":"closed","ping_status":"closed","template":"elementor_header_footer","meta":{"inline_featured_image":false,"footnotes":""},"class_list":["post-2039","page","type-page","status-publish","hentry"],"yoast_head":"<!-- This site is optimized with the Yoast SEO plugin v27.2 - https:\/\/yoast.com\/product\/yoast-seo-wordpress\/ -->\n<title>Contacte &#8226; Kilda Creams<\/title>\n<meta name=\"robots\" content=\"index, follow, max-snippet:-1, max-image-preview:large, max-video-preview:-1\" \/>\n<link rel=\"canonical\" href=\"https:\/\/kildacreams.com\/ca\/contacte\/\" \/>\n<meta property=\"og:locale\" content=\"ca_ES\" \/>\n<meta property=\"og:type\" content=\"article\" \/>\n<meta property=\"og:title\" content=\"Contacte &#8226; Kilda Creams\" \/>\n<meta property=\"og:description\" content=\"Contacte Informaci\u00f3 b\u00e0sica sobre Protecci\u00f3 de Dades Responsable: Teichenn\u00e9 SA + infoFinalitat: Enviament d&#8217;informaci\u00f3 i\/o productes sol\u00b7licitats i de publicitat relativa als nostres productes i serveis via mail i tel\u00e8fon + infoLegitimaci\u00f3: Consentiment de l&#8217;interessat, signatura de contracte + infoDestinataris: Estan previstes cessions de dades a tercers, com ara organismes oficials o similars + infoDrets: [&hellip;]\" \/>\n<meta property=\"og:url\" content=\"https:\/\/kildacreams.com\/ca\/contacte\/\" \/>\n<meta property=\"og:site_name\" content=\"Kilda Creams\" \/>\n<meta property=\"article:publisher\" content=\"https:\/\/www.facebook.com\/profile.php?id=100094161317025\" \/>\n<meta property=\"article:modified_time\" content=\"2023-09-21T11:21:06+00:00\" \/>\n<meta property=\"og:image\" content=\"https:\/\/kildacreams.com\/wp-content\/uploads\/2023\/07\/kilda_crema_limon_fresa_larbre_teichenne_espana_logo-fabicon.png\" \/>\n\t<meta property=\"og:image:width\" content=\"512\" \/>\n\t<meta property=\"og:image:height\" content=\"339\" \/>\n\t<meta property=\"og:image:type\" content=\"image\/png\" \/>\n<meta name=\"twitter:card\" content=\"summary_large_image\" \/>\n<meta name=\"twitter:label1\" content=\"Temps estimat de lectura\" \/>\n\t<meta name=\"twitter:data1\" content=\"1 minut\" \/>\n<script type=\"application\/ld+json\" class=\"yoast-schema-graph\">{\"@context\":\"https:\/\/schema.org\",\"@graph\":[{\"@type\":\"WebPage\",\"@id\":\"https:\/\/kildacreams.com\/ca\/contacte\/\",\"url\":\"https:\/\/kildacreams.com\/ca\/contacte\/\",\"name\":\"Contacte &#8226; Kilda Creams\",\"isPartOf\":{\"@id\":\"https:\/\/kildacreams.com\/ca\/#website\"},\"datePublished\":\"2023-07-11T08:05:54+00:00\",\"dateModified\":\"2023-09-21T11:21:06+00:00\",\"breadcrumb\":{\"@id\":\"https:\/\/kildacreams.com\/ca\/contacte\/#breadcrumb\"},\"inLanguage\":\"ca\",\"potentialAction\":[{\"@type\":\"ReadAction\",\"target\":[\"https:\/\/kildacreams.com\/ca\/contacte\/\"]}]},{\"@type\":\"BreadcrumbList\",\"@id\":\"https:\/\/kildacreams.com\/ca\/contacte\/#breadcrumb\",\"itemListElement\":[{\"@type\":\"ListItem\",\"position\":1,\"name\":\"Portada\",\"item\":\"https:\/\/kildacreams.com\/ca\/\"},{\"@type\":\"ListItem\",\"position\":2,\"name\":\"Contacte\"}]},{\"@type\":\"WebSite\",\"@id\":\"https:\/\/kildacreams.com\/ca\/#website\",\"url\":\"https:\/\/kildacreams.com\/ca\/\",\"name\":\"Kilda Creams\",\"description\":\"Es hora de expresarte\",\"publisher\":{\"@id\":\"https:\/\/kildacreams.com\/ca\/#organization\"},\"alternateName\":\"KildaCreams\",\"potentialAction\":[{\"@type\":\"SearchAction\",\"target\":{\"@type\":\"EntryPoint\",\"urlTemplate\":\"https:\/\/kildacreams.com\/ca\/?s={search_term_string}\"},\"query-input\":{\"@type\":\"PropertyValueSpecification\",\"valueRequired\":true,\"valueName\":\"search_term_string\"}}],\"inLanguage\":\"ca\"},{\"@type\":\"Organization\",\"@id\":\"https:\/\/kildacreams.com\/ca\/#organization\",\"name\":\"Kilda Creams\",\"url\":\"https:\/\/kildacreams.com\/ca\/\",\"logo\":{\"@type\":\"ImageObject\",\"inLanguage\":\"ca\",\"@id\":\"https:\/\/kildacreams.com\/ca\/#\/schema\/logo\/image\/\",\"url\":\"https:\/\/kildacreams.com\/wp-content\/uploads\/2023\/07\/cropped-kilda_crema_limon_fresa_larbre_teichenne_espana_logo.png\",\"contentUrl\":\"https:\/\/kildacreams.com\/wp-content\/uploads\/2023\/07\/cropped-kilda_crema_limon_fresa_larbre_teichenne_espana_logo.png\",\"width\":1080,\"height\":718,\"caption\":\"Kilda Creams\"},\"image\":{\"@id\":\"https:\/\/kildacreams.com\/ca\/#\/schema\/logo\/image\/\"},\"sameAs\":[\"https:\/\/www.facebook.com\/profile.php?id=100094161317025\"]}]}<\/script>\n<!-- \/ Yoast SEO plugin. -->","yoast_head_json":{"title":"Contacte &#8226; Kilda Creams","robots":{"index":"index","follow":"follow","max-snippet":"max-snippet:-1","max-image-preview":"max-image-preview:large","max-video-preview":"max-video-preview:-1"},"canonical":"https:\/\/kildacreams.com\/ca\/contacte\/","og_locale":"ca_ES","og_type":"article","og_title":"Contacte &#8226; Kilda Creams","og_description":"Contacte Informaci\u00f3 b\u00e0sica sobre Protecci\u00f3 de Dades Responsable: Teichenn\u00e9 SA + infoFinalitat: Enviament d&#8217;informaci\u00f3 i\/o productes sol\u00b7licitats i de publicitat relativa als nostres productes i serveis via mail i tel\u00e8fon + infoLegitimaci\u00f3: Consentiment de l&#8217;interessat, signatura de contracte + infoDestinataris: Estan previstes cessions de dades a tercers, com ara organismes oficials o similars + infoDrets: [&hellip;]","og_url":"https:\/\/kildacreams.com\/ca\/contacte\/","og_site_name":"Kilda Creams","article_publisher":"https:\/\/www.facebook.com\/profile.php?id=100094161317025","article_modified_time":"2023-09-21T11:21:06+00:00","og_image":[{"width":512,"height":339,"url":"https:\/\/kildacreams.com\/wp-content\/uploads\/2023\/07\/kilda_crema_limon_fresa_larbre_teichenne_espana_logo-fabicon.png","type":"image\/png"}],"twitter_card":"summary_large_image","twitter_misc":{"Temps estimat de lectura":"1 minut"},"schema":{"@context":"https:\/\/schema.org","@graph":[{"@type":"WebPage","@id":"https:\/\/kildacreams.com\/ca\/contacte\/","url":"https:\/\/kildacreams.com\/ca\/contacte\/","name":"Contacte &#8226; Kilda Creams","isPartOf":{"@id":"https:\/\/kildacreams.com\/ca\/#website"},"datePublished":"2023-07-11T08:05:54+00:00","dateModified":"2023-09-21T11:21:06+00:00","breadcrumb":{"@id":"https:\/\/kildacreams.com\/ca\/contacte\/#breadcrumb"},"inLanguage":"ca","potentialAction":[{"@type":"ReadAction","target":["https:\/\/kildacreams.com\/ca\/contacte\/"]}]},{"@type":"BreadcrumbList","@id":"https:\/\/kildacreams.com\/ca\/contacte\/#breadcrumb","itemListElement":[{"@type":"ListItem","position":1,"name":"Portada","item":"https:\/\/kildacreams.com\/ca\/"},{"@type":"ListItem","position":2,"name":"Contacte"}]},{"@type":"WebSite","@id":"https:\/\/kildacreams.com\/ca\/#website","url":"https:\/\/kildacreams.com\/ca\/","name":"Kilda Creams","description":"Es hora de expresarte","publisher":{"@id":"https:\/\/kildacreams.com\/ca\/#organization"},"alternateName":"KildaCreams","potentialAction":[{"@type":"SearchAction","target":{"@type":"EntryPoint","urlTemplate":"https:\/\/kildacreams.com\/ca\/?s={search_term_string}"},"query-input":{"@type":"PropertyValueSpecification","valueRequired":true,"valueName":"search_term_string"}}],"inLanguage":"ca"},{"@type":"Organization","@id":"https:\/\/kildacreams.com\/ca\/#organization","name":"Kilda Creams","url":"https:\/\/kildacreams.com\/ca\/","logo":{"@type":"ImageObject","inLanguage":"ca","@id":"https:\/\/kildacreams.com\/ca\/#\/schema\/logo\/image\/","url":"https:\/\/kildacreams.com\/wp-content\/uploads\/2023\/07\/cropped-kilda_crema_limon_fresa_larbre_teichenne_espana_logo.png","contentUrl":"https:\/\/kildacreams.com\/wp-content\/uploads\/2023\/07\/cropped-kilda_crema_limon_fresa_larbre_teichenne_espana_logo.png","width":1080,"height":718,"caption":"Kilda Creams"},"image":{"@id":"https:\/\/kildacreams.com\/ca\/#\/schema\/logo\/image\/"},"sameAs":["https:\/\/www.facebook.com\/profile.php?id=100094161317025"]}]}},"_links":{"self":[{"href":"https:\/\/kildacreams.com\/ca\/wp-json\/wp\/v2\/pages\/2039","targetHints":{"allow":["GET"]}}],"collection":[{"href":"https:\/\/kildacreams.com\/ca\/wp-json\/wp\/v2\/pages"}],"about":[{"href":"https:\/\/kildacreams.com\/ca\/wp-json\/wp\/v2\/types\/page"}],"author":[{"embeddable":true,"href":"https:\/\/kildacreams.com\/ca\/wp-json\/wp\/v2\/users\/2"}],"replies":[{"embeddable":true,"href":"https:\/\/kildacreams.com\/ca\/wp-json\/wp\/v2\/comments?post=2039"}],"version-history":[{"count":9,"href":"https:\/\/kildacreams.com\/ca\/wp-json\/wp\/v2\/pages\/2039\/revisions"}],"predecessor-version":[{"id":2598,"href":"https:\/\/kildacreams.com\/ca\/wp-json\/wp\/v2\/pages\/2039\/revisions\/2598"}],"wp:attachment":[{"href":"https:\/\/kildacreams.com\/ca\/wp-json\/wp\/v2\/media?parent=2039"}],"curies":[{"name":"wp","href":"https:\/\/api.w.org\/{rel}","templated":true}]}}